{"id":1203,"date":"2025-04-08T16:08:23","date_gmt":"2025-04-08T16:08:23","guid":{"rendered":"https:\/\/change2value.si\/?page_id=1203"},"modified":"2026-02-21T21:38:41","modified_gmt":"2026-02-21T21:38:41","slug":"articles","status":"publish","type":"page","link":"https:\/\/change2value.com\/sl\/articles\/","title":{"rendered":"\u010clanki"},"content":{"rendered":"<div data-elementor-type=\"wp-page\" data-elementor-id=\"1203\" class=\"elementor elementor-1203\" data-elementor-post-type=\"page\">\n\t\t\t\t<div class=\"elementor-element elementor-element-353a6892 e-con-full e-flex e-con e-child\" data-id=\"353a6892\" data-element_type=\"container\" data-e-type=\"container\">\n\t\t\t\t<div class=\"elementor-element elementor-element-41b518c6 elementor-widget__width-initial elementor-widget elementor-widget-heading\" data-id=\"41b518c6\" data-element_type=\"widget\" data-e-type=\"widget\" data-widget_type=\"heading.default\">\n\t\t\t\t\t<h2 class=\"elementor-heading-title elementor-size-default\">\u010clanki<\/h2>\t\t\t\t<\/div>\n\t\t\t\t<div class=\"elementor-element elementor-element-4cdc3be7 elementor-widget-mobile__width-inherit elementor-widget elementor-widget-heading\" data-id=\"4cdc3be7\" data-element_type=\"widget\" data-e-type=\"widget\" data-widget_type=\"heading.default\">\n\t\t\t\t\t<h2 class=\"elementor-heading-title elementor-size-default\">\u010clanki in vpogledi<\/h2>\t\t\t\t<\/div>\n\t\t\t\t<div class=\"elementor-element elementor-element-300ac8f elementor-widget elementor-widget-text-editor\" data-id=\"300ac8f\" data-element_type=\"widget\" data-e-type=\"widget\" data-widget_type=\"text-editor.default\">\n\t\t\t\t\t\t\t\t\t<p>Spoznajte prakti\u010dne nasvete, strokovne poglede in sve\u017ee razmi\u0161ljanje o spremembah, vodenju in inovacijah.<br data-start=\"191\" data-end=\"194\" \/>Na\u0161a spoznanja so tu, da spodbudijo ideje in podprejo va\u0161e potovanje k preobrazbi.<\/p>\t\t\t\t\t\t\t\t<\/div>\n\t\t\t\t<\/div>\n\t\t<div class=\"elementor-element elementor-element-217d4c4 e-flex e-con-boxed e-con e-parent\" data-id=\"217d4c4\" data-element_type=\"container\" data-e-type=\"container\">\n\t\t\t\t\t<div class=\"e-con-inner\">\n\t\t\t\t<div class=\"elementor-element elementor-element-2e09d63 e-n-tabs-none elementor-widget elementor-widget-n-tabs\" data-id=\"2e09d63\" data-element_type=\"widget\" data-e-type=\"widget\" data-settings=\"{&quot;horizontal_scroll_mobile&quot;:&quot;disable&quot;,&quot;horizontal_scroll&quot;:&quot;disable&quot;}\" data-widget_type=\"nested-tabs.default\">\n\t\t\t\t\t\t\t<div class=\"e-n-tabs\" data-widget-number=\"48274787\" aria-label=\"Zavihki. Elemente odpirate z Enter ali Space, zapirate s Escape in se pomikate s pu\u0161\u010dicami.\">\n\t\t\t<div class=\"e-n-tabs-heading\" role=\"tablist\">\n\t\t\t\t\t<button id=\"e-n-tab-title-482747871\" data-tab-title-id=\"e-n-tab-title-482747871\" class=\"e-n-tab-title\" aria-selected=\"true\" data-tab-index=\"1\" role=\"tab\" tabindex=\"0\" aria-controls=\"e-n-tab-content-482747871\" style=\"--n-tabs-title-order: 1;\">\n\t\t\t\t\t\t<span class=\"e-n-tab-title-text\">\n\t\t\t\tVse\t\t\t<\/span>\n\t\t<\/button>\n\t\t\t\t<button id=\"e-n-tab-title-482747872\" data-tab-title-id=\"e-n-tab-title-482747872\" class=\"e-n-tab-title\" aria-selected=\"false\" data-tab-index=\"2\" role=\"tab\" tabindex=\"-1\" aria-controls=\"e-n-tab-content-482747872\" style=\"--n-tabs-title-order: 2;\">\n\t\t\t\t\t\t<span class=\"e-n-tab-title-text\">\n\t\t\t\tUpravljanje sprememb\t\t\t<\/span>\n\t\t<\/button>\n\t\t\t\t<button id=\"e-n-tab-title-482747873\" data-tab-title-id=\"e-n-tab-title-482747873\" class=\"e-n-tab-title\" aria-selected=\"false\" data-tab-index=\"3\" role=\"tab\" tabindex=\"-1\" aria-controls=\"e-n-tab-content-482747873\" style=\"--n-tabs-title-order: 3;\">\n\t\t\t\t\t\t<span class=\"e-n-tab-title-text\">\n\t\t\t\tSpodbujanje inovativnosti\t\t\t<\/span>\n\t\t<\/button>\n\t\t\t\t<button id=\"e-n-tab-title-482747874\" data-tab-title-id=\"e-n-tab-title-482747874\" class=\"e-n-tab-title\" aria-selected=\"false\" data-tab-index=\"4\" role=\"tab\" tabindex=\"-1\" aria-controls=\"e-n-tab-content-482747874\" style=\"--n-tabs-title-order: 4;\">\n\t\t\t\t\t\t<span class=\"e-n-tab-title-text\">\n\t\t\t\tVodenje\t\t\t<\/span>\n\t\t<\/button>\n\t\t\t\t\t<\/div>\n\t\t\t<div class=\"e-n-tabs-content\">\n\t\t\t\t<div id=\"e-n-tab-content-482747871\" role=\"tabpanel\" aria-labelledby=\"e-n-tab-title-482747871\" data-tab-index=\"1\" style=\"--n-tabs-title-order: 1;\" class=\"e-active elementor-element elementor-element-e3c1245 e-con-full e-flex e-con e-child\" data-id=\"e3c1245\" data-element_type=\"container\" data-e-type=\"container\">\n\t\t\t\t<div class=\"elementor-element elementor-element-a2ad689 elementor-widget elementor-widget-rkit-pos-block\" data-id=\"a2ad689\" data-element_type=\"widget\" data-e-type=\"widget\" data-widget_type=\"rkit-pos-block.default\">\n\t\t\t\t<div class=\"elementor-widget-container\">\n\t\t\t\t\t        <div class=\"rkit-post-block\">\n                            <div class=\"rkit-post-block-card  elementor-animation-\">\n                                            <div class=\"rkit-image-container\">\n                                                            <div class=\"rkit-floating-category\">\n                                                                            <div class=\"rkit-floating-category-div\">\n                                            <a class=\"rkit-floating-category-btn\" type=\"button\" href=\"https:\/\/change2value.com\/sl\/category\/uncategorized-sl\/\">Uncategorized<\/a>\n                                        <\/div>\n                                                                    <\/div>\n                                                        <a class=\"rkit-image-link\" style=\"overflow: hidden;\" href=\"https:\/\/change2value.com\/sl\/2025\/10\/18\/zakaj-upravljamo-spremembe\/\">\n                                <img fetchpriority=\"high\" decoding=\"async\" width=\"800\" height=\"671\" src=\"https:\/\/change2value.com\/wp-content\/uploads\/2025\/04\/kepca.png\" class=\"rkit-post-block-img wp-post-image\" alt=\"\" srcset=\"https:\/\/change2value.com\/wp-content\/uploads\/2025\/04\/kepca.png 940w, https:\/\/change2value.com\/wp-content\/uploads\/2025\/04\/kepca-600x503.png 600w, https:\/\/change2value.com\/wp-content\/uploads\/2025\/04\/kepca-300x251.png 300w, https:\/\/change2value.com\/wp-content\/uploads\/2025\/04\/kepca-768x644.png 768w\" sizes=\"(max-width: 800px) 100vw, 800px\" \/>                            <\/a>\n                                                    <\/div>\n                                        <div class=\"rkit-post-block-body\">\n                                                    <div class=\"rkit-metadata\">\n                                                            <\/div>\n                                                                            <div class=\"rkit-post-block-title-container\">\n                                <a class=\"rkit-post-block-title\" href=\"https:\/\/change2value.com\/sl\/2025\/10\/18\/zakaj-upravljamo-spremembe\/\">Zakaj upravljamo spremembe?<\/a>\n                            <\/div>\n                                                                                                    <div class=\"rkit-post-block-content\">\n                                <p class=\"rkit-post-block-paragraph\">PantaRhei \u2013 vse te\u010de! Heraklit je \u017ee pred na\u0161im \u0161tetjem vedel, da se vse nenehno spreminja in da v isto reko ne moremo stopiti dvakrat.&hellip;                                <\/p>\n                            <\/div>\n                                                                                                    <div class=\"rkit-readmore-div\">\n                                <a class=\"rkit-readmore-btn\" type=\"button\" href=\"https:\/\/change2value.com\/sl\/2025\/10\/18\/zakaj-upravljamo-spremembe\/\">\n                                                                        Read More                                                                    <\/a>\n                            <\/div>\n                                            <\/div>\n                <\/div>\n                <div class=\"rkit-post-block-card  elementor-animation-\">\n                                            <div class=\"rkit-image-container\">\n                                                            <div class=\"rkit-floating-category\">\n                                                                            <div class=\"rkit-floating-category-div\">\n                                            <a class=\"rkit-floating-category-btn\" type=\"button\" href=\"https:\/\/change2value.com\/sl\/category\/change-management\/\">Upravljanje sprememb<\/a>\n                                        <\/div>\n                                                                    <\/div>\n                                                        <a class=\"rkit-image-link\" style=\"overflow: hidden;\" href=\"https:\/\/change2value.com\/sl\/2025\/09\/26\/why-should-we-manage-change\/\">\n                                <img fetchpriority=\"high\" decoding=\"async\" width=\"800\" height=\"671\" src=\"https:\/\/change2value.com\/wp-content\/uploads\/2025\/04\/kepca.png\" class=\"rkit-post-block-img wp-post-image\" alt=\"\" srcset=\"https:\/\/change2value.com\/wp-content\/uploads\/2025\/04\/kepca.png 940w, https:\/\/change2value.com\/wp-content\/uploads\/2025\/04\/kepca-600x503.png 600w, https:\/\/change2value.com\/wp-content\/uploads\/2025\/04\/kepca-300x251.png 300w, https:\/\/change2value.com\/wp-content\/uploads\/2025\/04\/kepca-768x644.png 768w\" sizes=\"(max-width: 800px) 100vw, 800px\" \/>                            <\/a>\n                                                    <\/div>\n                                        <div class=\"rkit-post-block-body\">\n                                                    <div class=\"rkit-metadata\">\n                                                            <\/div>\n                                                                            <div class=\"rkit-post-block-title-container\">\n                                <a class=\"rkit-post-block-title\" href=\"https:\/\/change2value.com\/sl\/2025\/09\/26\/why-should-we-manage-change\/\">Zakaj upravljamo spremembe?<\/a>\n                            <\/div>\n                                                                                                    <div class=\"rkit-post-block-content\">\n                                <p class=\"rkit-post-block-paragraph\">Change is constant, and organisations face faster, more complex transformations than ever. True value lies not in new systems but in how people adapt.                                <\/p>\n                            <\/div>\n                                                                                                    <div class=\"rkit-readmore-div\">\n                                <a class=\"rkit-readmore-btn\" type=\"button\" href=\"https:\/\/change2value.com\/sl\/2025\/09\/26\/why-should-we-manage-change\/\">\n                                                                        Read More                                                                    <\/a>\n                            <\/div>\n                                            <\/div>\n                <\/div>\n                <div class=\"rkit-post-block-card  elementor-animation-\">\n                                            <div class=\"rkit-image-container\">\n                                                            <div class=\"rkit-floating-category\">\n                                                                            <div class=\"rkit-floating-category-div\">\n                                            <a class=\"rkit-floating-category-btn\" type=\"button\" href=\"https:\/\/change2value.com\/sl\/category\/change-management\/\">Upravljanje sprememb<\/a>\n                                        <\/div>\n                                                                    <\/div>\n                                                        <a class=\"rkit-image-link\" style=\"overflow: hidden;\" href=\"https:\/\/change2value.com\/sl\/2025\/09\/24\/what-is-change-management\/\">\n                                <img decoding=\"async\" width=\"800\" height=\"450\" src=\"https:\/\/change2value.com\/wp-content\/uploads\/2025\/09\/CHANGE-MANAGEMENT-1-1024x576.png\" class=\"rkit-post-block-img wp-post-image\" alt=\"\" srcset=\"https:\/\/change2value.com\/wp-content\/uploads\/2025\/09\/CHANGE-MANAGEMENT-1-1024x576.png 1024w, https:\/\/change2value.com\/wp-content\/uploads\/2025\/09\/CHANGE-MANAGEMENT-1-300x169.png 300w, https:\/\/change2value.com\/wp-content\/uploads\/2025\/09\/CHANGE-MANAGEMENT-1-768x432.png 768w, https:\/\/change2value.com\/wp-content\/uploads\/2025\/09\/CHANGE-MANAGEMENT-1-18x10.png 18w, https:\/\/change2value.com\/wp-content\/uploads\/2025\/09\/CHANGE-MANAGEMENT-1-600x338.png 600w, https:\/\/change2value.com\/wp-content\/uploads\/2025\/09\/CHANGE-MANAGEMENT-1.png 1280w\" sizes=\"(max-width: 800px) 100vw, 800px\" \/>                            <\/a>\n                                                    <\/div>\n                                        <div class=\"rkit-post-block-body\">\n                                                    <div class=\"rkit-metadata\">\n                                                            <\/div>\n                                                                            <div class=\"rkit-post-block-title-container\">\n                                <a class=\"rkit-post-block-title\" href=\"https:\/\/change2value.com\/sl\/2025\/09\/24\/what-is-change-management\/\">Kaj je upravljanje sprememb?<\/a>\n                            <\/div>\n                                                                                                    <div class=\"rkit-post-block-content\">\n                                <p class=\"rkit-post-block-paragraph\">Change management helps individuals and organisations adapt successfully, ensuring faster adoption, reduced risks, and sustainable results.                                <\/p>\n                            <\/div>\n                                                                                                    <div class=\"rkit-readmore-div\">\n                                <a class=\"rkit-readmore-btn\" type=\"button\" href=\"https:\/\/change2value.com\/sl\/2025\/09\/24\/what-is-change-management\/\">\n                                                                        Read More                                                                    <\/a>\n                            <\/div>\n                                            <\/div>\n                <\/div>\n        <\/div>\n        \t\t\t\t<\/div>\n\t\t\t\t<\/div>\n\t\t\t\t<\/div>\n\t\t<div id=\"e-n-tab-content-482747872\" role=\"tabpanel\" aria-labelledby=\"e-n-tab-title-482747872\" data-tab-index=\"2\" style=\"--n-tabs-title-order: 2;\" class=\"elementor-element elementor-element-0cb6858 e-con-full e-flex e-con e-child\" data-id=\"0cb6858\" data-element_type=\"container\" data-e-type=\"container\">\n\t\t\t\t<div class=\"elementor-element elementor-element-a37224b elementor-widget elementor-widget-rkit-pos-block\" data-id=\"a37224b\" data-element_type=\"widget\" data-e-type=\"widget\" data-widget_type=\"rkit-pos-block.default\">\n\t\t\t\t<div class=\"elementor-widget-container\">\n\t\t\t\t\t        <div class=\"rkit-post-block\">\n                            <div class=\"rkit-post-block-card  elementor-animation-\">\n                                            <div class=\"rkit-image-container\">\n                                                            <div class=\"rkit-floating-category\">\n                                                                            <div class=\"rkit-floating-category-div\">\n                                            <a class=\"rkit-floating-category-btn\" type=\"button\" href=\"https:\/\/change2value.com\/sl\/category\/change-management\/\">Upravljanje sprememb<\/a>\n                                        <\/div>\n                                                                    <\/div>\n                                                        <a class=\"rkit-image-link\" style=\"overflow: hidden;\" href=\"https:\/\/change2value.com\/sl\/2025\/09\/26\/why-should-we-manage-change\/\">\n                                <img fetchpriority=\"high\" decoding=\"async\" width=\"800\" height=\"671\" src=\"https:\/\/change2value.com\/wp-content\/uploads\/2025\/04\/kepca.png\" class=\"rkit-post-block-img wp-post-image\" alt=\"\" srcset=\"https:\/\/change2value.com\/wp-content\/uploads\/2025\/04\/kepca.png 940w, https:\/\/change2value.com\/wp-content\/uploads\/2025\/04\/kepca-600x503.png 600w, https:\/\/change2value.com\/wp-content\/uploads\/2025\/04\/kepca-300x251.png 300w, https:\/\/change2value.com\/wp-content\/uploads\/2025\/04\/kepca-768x644.png 768w\" sizes=\"(max-width: 800px) 100vw, 800px\" \/>                            <\/a>\n                                                    <\/div>\n                                        <div class=\"rkit-post-block-body\">\n                                                    <div class=\"rkit-metadata\">\n                                                                                <div class=\"rkit-metadata-item\">\n                                                    <i aria-hidden=\"true\" class=\"rkit-meta-icon rtmicon rtmicon-calendar\"><\/i>                                                    <span>26 septembra, 2025<\/span>\n                                                <\/div>\n                                                                        <\/div>\n                                                                            <div class=\"rkit-post-block-title-container\">\n                                <a class=\"rkit-post-block-title\" href=\"https:\/\/change2value.com\/sl\/2025\/09\/26\/why-should-we-manage-change\/\">Zakaj upravljamo spremembe?<\/a>\n                            <\/div>\n                                                                                                    <div class=\"rkit-post-block-content\">\n                                <p class=\"rkit-post-block-paragraph\">Change is constant, and organisations face faster, more complex transformations than ever. True value lies not in new systems but in how people adapt.                                <\/p>\n                            <\/div>\n                                                                                                    <div class=\"rkit-readmore-div\">\n                                <a class=\"rkit-readmore-btn\" type=\"button\" href=\"https:\/\/change2value.com\/sl\/2025\/09\/26\/why-should-we-manage-change\/\">\n                                                                        Read More                                                                    <\/a>\n                            <\/div>\n                                            <\/div>\n                <\/div>\n                <div class=\"rkit-post-block-card  elementor-animation-\">\n                                            <div class=\"rkit-image-container\">\n                                                            <div class=\"rkit-floating-category\">\n                                                                            <div class=\"rkit-floating-category-div\">\n                                            <a class=\"rkit-floating-category-btn\" type=\"button\" href=\"https:\/\/change2value.com\/sl\/category\/change-management\/\">Upravljanje sprememb<\/a>\n                                        <\/div>\n                                                                    <\/div>\n                                                        <a class=\"rkit-image-link\" style=\"overflow: hidden;\" href=\"https:\/\/change2value.com\/sl\/2025\/09\/24\/what-is-change-management\/\">\n                                <img decoding=\"async\" width=\"800\" height=\"450\" src=\"https:\/\/change2value.com\/wp-content\/uploads\/2025\/09\/CHANGE-MANAGEMENT-1-1024x576.png\" class=\"rkit-post-block-img wp-post-image\" alt=\"\" srcset=\"https:\/\/change2value.com\/wp-content\/uploads\/2025\/09\/CHANGE-MANAGEMENT-1-1024x576.png 1024w, https:\/\/change2value.com\/wp-content\/uploads\/2025\/09\/CHANGE-MANAGEMENT-1-300x169.png 300w, https:\/\/change2value.com\/wp-content\/uploads\/2025\/09\/CHANGE-MANAGEMENT-1-768x432.png 768w, https:\/\/change2value.com\/wp-content\/uploads\/2025\/09\/CHANGE-MANAGEMENT-1-18x10.png 18w, https:\/\/change2value.com\/wp-content\/uploads\/2025\/09\/CHANGE-MANAGEMENT-1-600x338.png 600w, https:\/\/change2value.com\/wp-content\/uploads\/2025\/09\/CHANGE-MANAGEMENT-1.png 1280w\" sizes=\"(max-width: 800px) 100vw, 800px\" \/>                            <\/a>\n                                                    <\/div>\n                                        <div class=\"rkit-post-block-body\">\n                                                    <div class=\"rkit-metadata\">\n                                                                                <div class=\"rkit-metadata-item\">\n                                                    <i aria-hidden=\"true\" class=\"rkit-meta-icon rtmicon rtmicon-calendar\"><\/i>                                                    <span>24 septembra, 2025<\/span>\n                                                <\/div>\n                                                                        <\/div>\n                                                                            <div class=\"rkit-post-block-title-container\">\n                                <a class=\"rkit-post-block-title\" href=\"https:\/\/change2value.com\/sl\/2025\/09\/24\/what-is-change-management\/\">Kaj je upravljanje sprememb?<\/a>\n                            <\/div>\n                                                                                                    <div class=\"rkit-post-block-content\">\n                                <p class=\"rkit-post-block-paragraph\">Change management helps individuals and organisations adapt successfully, ensuring faster adoption, reduced risks, and sustainable results.                                <\/p>\n                            <\/div>\n                                                                                                    <div class=\"rkit-readmore-div\">\n                                <a class=\"rkit-readmore-btn\" type=\"button\" href=\"https:\/\/change2value.com\/sl\/2025\/09\/24\/what-is-change-management\/\">\n                                                                        Read More                                                                    <\/a>\n                            <\/div>\n                                            <\/div>\n                <\/div>\n        <\/div>\n        \t\t\t\t<\/div>\n\t\t\t\t<\/div>\n\t\t\t\t<\/div>\n\t\t<div id=\"e-n-tab-content-482747873\" role=\"tabpanel\" aria-labelledby=\"e-n-tab-title-482747873\" data-tab-index=\"3\" style=\"--n-tabs-title-order: 3;\" class=\"elementor-element elementor-element-d65e0e7 e-con-full e-flex e-con e-child\" data-id=\"d65e0e7\" data-element_type=\"container\" data-e-type=\"container\">\n\t\t\t\t<div class=\"elementor-element elementor-element-1d819f9 elementor-widget elementor-widget-rkit-pos-block\" data-id=\"1d819f9\" data-element_type=\"widget\" data-e-type=\"widget\" data-widget_type=\"rkit-pos-block.default\">\n\t\t\t\t<div class=\"elementor-widget-container\">\n\t\t\t\t\t        <div class=\"rkit-post-block\">\n                    <\/div>\n        \t\t\t\t<\/div>\n\t\t\t\t<\/div>\n\t\t\t\t<\/div>\n\t\t<div id=\"e-n-tab-content-482747874\" role=\"tabpanel\" aria-labelledby=\"e-n-tab-title-482747874\" data-tab-index=\"4\" style=\"--n-tabs-title-order: 4;\" class=\"elementor-element elementor-element-b74e066 e-flex e-con-boxed e-con e-child\" data-id=\"b74e066\" data-element_type=\"container\" data-e-type=\"container\">\n\t\t\t\t\t<div class=\"e-con-inner\">\n\t\t\t\t<div class=\"elementor-element elementor-element-81680e2 elementor-widget elementor-widget-rkit-pos-block\" data-id=\"81680e2\" data-element_type=\"widget\" data-e-type=\"widget\" data-widget_type=\"rkit-pos-block.default\">\n\t\t\t\t<div class=\"elementor-widget-container\">\n\t\t\t\t\t        <div class=\"rkit-post-block\">\n                    <\/div>\n        \t\t\t\t<\/div>\n\t\t\t\t<\/div>\n\t\t\t\t\t<\/div>\n\t\t\t\t<\/div>\n\t\t\t\t\t<\/div>\n\t\t<\/div>\n\t\t\t\t\t\t<\/div>\n\t\t\t\t\t<\/div>\n\t\t\t\t<\/div>\n\t\t\t\t<\/div>","protected":false},"excerpt":{"rendered":"<p>Articles Articles &amp; Insights Explore practical advice, expert perspectives, and fresh thinking on change, leadership, and innovation.Our insights are here to spark ideas and support your transformation journey. All Change Management Innovation Leadership Uncategorized Zakaj upravljamo spremembe? PantaRhei \u2013 vse te\u010de! Heraklit je \u017ee pred na\u0161im \u0161tetjem vedel, da se vse nenehno spreminja in da [&hellip;]<\/p>\n","protected":false},"author":1,"featured_media":0,"parent":0,"menu_order":0,"comment_status":"closed","ping_status":"closed","template":"","meta":{"_acf_changed":false,"footnotes":""},"class_list":["post-1203","page","type-page","status-publish","hentry"],"acf":[],"_links":{"self":[{"href":"https:\/\/change2value.com\/sl\/wp-json\/wp\/v2\/pages\/1203","targetHints":{"allow":["GET"]}}],"collection":[{"href":"https:\/\/change2value.com\/sl\/wp-json\/wp\/v2\/pages"}],"about":[{"href":"https:\/\/change2value.com\/sl\/wp-json\/wp\/v2\/types\/page"}],"author":[{"embeddable":true,"href":"https:\/\/change2value.com\/sl\/wp-json\/wp\/v2\/users\/1"}],"replies":[{"embeddable":true,"href":"https:\/\/change2value.com\/sl\/wp-json\/wp\/v2\/comments?post=1203"}],"version-history":[{"count":134,"href":"https:\/\/change2value.com\/sl\/wp-json\/wp\/v2\/pages\/1203\/revisions"}],"predecessor-version":[{"id":3301,"href":"https:\/\/change2value.com\/sl\/wp-json\/wp\/v2\/pages\/1203\/revisions\/3301"}],"wp:attachment":[{"href":"https:\/\/change2value.com\/sl\/wp-json\/wp\/v2\/media?parent=1203"}],"curies":[{"name":"wp","href":"https:\/\/api.w.org\/{rel}","templated":true}]}}