{"id":1203,"date":"2025-04-08T16:08:23","date_gmt":"2025-04-08T16:08:23","guid":{"rendered":"https:\/\/change2value.si\/?page_id=1203"},"modified":"2026-02-21T21:38:41","modified_gmt":"2026-02-21T21:38:41","slug":"articles","status":"publish","type":"page","link":"https:\/\/change2value.com\/sr\/articles\/","title":{"rendered":"\u010clanci"},"content":{"rendered":"<div data-elementor-type=\"wp-page\" data-elementor-id=\"1203\" class=\"elementor elementor-1203\" data-elementor-post-type=\"page\">\n\t\t\t\t<div class=\"elementor-element elementor-element-353a6892 e-con-full e-flex e-con e-child\" data-id=\"353a6892\" data-element_type=\"container\" data-e-type=\"container\">\n\t\t\t\t<div class=\"elementor-element elementor-element-41b518c6 elementor-widget__width-initial elementor-widget elementor-widget-heading\" data-id=\"41b518c6\" data-element_type=\"widget\" data-e-type=\"widget\" data-widget_type=\"heading.default\">\n\t\t\t\t\t<h2 class=\"elementor-heading-title elementor-size-default\">\u010clanci<\/h2>\t\t\t\t<\/div>\n\t\t\t\t<div class=\"elementor-element elementor-element-4cdc3be7 elementor-widget-mobile__width-inherit elementor-widget elementor-widget-heading\" data-id=\"4cdc3be7\" data-element_type=\"widget\" data-e-type=\"widget\" data-widget_type=\"heading.default\">\n\t\t\t\t\t<h2 class=\"elementor-heading-title elementor-size-default\">\u010clanci i uvidi<\/h2>\t\t\t\t<\/div>\n\t\t\t\t<div class=\"elementor-element elementor-element-300ac8f elementor-widget elementor-widget-text-editor\" data-id=\"300ac8f\" data-element_type=\"widget\" data-e-type=\"widget\" data-widget_type=\"text-editor.default\">\n\t\t\t\t\t\t\t\t\t<p>Istra\u017eite prakti\u010dne savete, ekspertske perspektive i sve\u017ea razmi\u0161ljanja o promenama, liderstvu i inovacijama.<br data-start=\"191\" data-end=\"194\" \/>Na\u0161i uvidi su tu da pokrenu ideje i podr\u017ee va\u0161e putovanje transformacije.<\/p>\t\t\t\t\t\t\t\t<\/div>\n\t\t\t\t<\/div>\n\t\t<div class=\"elementor-element elementor-element-217d4c4 e-flex e-con-boxed e-con e-parent\" data-id=\"217d4c4\" data-element_type=\"container\" data-e-type=\"container\">\n\t\t\t\t\t<div class=\"e-con-inner\">\n\t\t\t\t<div class=\"elementor-element elementor-element-2e09d63 e-n-tabs-none elementor-widget elementor-widget-n-tabs\" data-id=\"2e09d63\" data-element_type=\"widget\" data-e-type=\"widget\" data-settings=\"{&quot;horizontal_scroll_mobile&quot;:&quot;disable&quot;,&quot;horizontal_scroll&quot;:&quot;disable&quot;}\" data-widget_type=\"nested-tabs.default\">\n\t\t\t\t\t\t\t<div class=\"e-n-tabs\" data-widget-number=\"48274787\" aria-label=\"Tabs. Otvorite stavke pomoc\u0301u Enter ili Space, zatvorite pomoc\u0301u Escape i navigirajte pomoc\u0301u tastera sa strelicama.\">\n\t\t\t<div class=\"e-n-tabs-heading\" role=\"tablist\">\n\t\t\t\t\t<button id=\"e-n-tab-title-482747871\" data-tab-title-id=\"e-n-tab-title-482747871\" class=\"e-n-tab-title\" aria-selected=\"true\" data-tab-index=\"1\" role=\"tab\" tabindex=\"0\" aria-controls=\"e-n-tab-content-482747871\" style=\"--n-tabs-title-order: 1;\">\n\t\t\t\t\t\t<span class=\"e-n-tab-title-text\">\n\t\t\t\tSve\t\t\t<\/span>\n\t\t<\/button>\n\t\t\t\t<button id=\"e-n-tab-title-482747872\" data-tab-title-id=\"e-n-tab-title-482747872\" class=\"e-n-tab-title\" aria-selected=\"false\" data-tab-index=\"2\" role=\"tab\" tabindex=\"-1\" aria-controls=\"e-n-tab-content-482747872\" style=\"--n-tabs-title-order: 2;\">\n\t\t\t\t\t\t<span class=\"e-n-tab-title-text\">\n\t\t\t\tUpravljanje promenama\t\t\t<\/span>\n\t\t<\/button>\n\t\t\t\t<button id=\"e-n-tab-title-482747873\" data-tab-title-id=\"e-n-tab-title-482747873\" class=\"e-n-tab-title\" aria-selected=\"false\" data-tab-index=\"3\" role=\"tab\" tabindex=\"-1\" aria-controls=\"e-n-tab-content-482747873\" style=\"--n-tabs-title-order: 3;\">\n\t\t\t\t\t\t<span class=\"e-n-tab-title-text\">\n\t\t\t\tPodsticanje inovativnosti\t\t\t<\/span>\n\t\t<\/button>\n\t\t\t\t<button id=\"e-n-tab-title-482747874\" data-tab-title-id=\"e-n-tab-title-482747874\" class=\"e-n-tab-title\" aria-selected=\"false\" data-tab-index=\"4\" role=\"tab\" tabindex=\"-1\" aria-controls=\"e-n-tab-content-482747874\" style=\"--n-tabs-title-order: 4;\">\n\t\t\t\t\t\t<span class=\"e-n-tab-title-text\">\n\t\t\t\tVo\u0111enje\t\t\t<\/span>\n\t\t<\/button>\n\t\t\t\t\t<\/div>\n\t\t\t<div class=\"e-n-tabs-content\">\n\t\t\t\t<div id=\"e-n-tab-content-482747871\" role=\"tabpanel\" aria-labelledby=\"e-n-tab-title-482747871\" data-tab-index=\"1\" style=\"--n-tabs-title-order: 1;\" class=\"e-active elementor-element elementor-element-e3c1245 e-con-full e-flex e-con e-child\" data-id=\"e3c1245\" data-element_type=\"container\" data-e-type=\"container\">\n\t\t\t\t<div class=\"elementor-element elementor-element-a2ad689 elementor-widget elementor-widget-rkit-pos-block\" data-id=\"a2ad689\" data-element_type=\"widget\" data-e-type=\"widget\" data-widget_type=\"rkit-pos-block.default\">\n\t\t\t\t<div class=\"elementor-widget-container\">\n\t\t\t\t\t        <div class=\"rkit-post-block\">\n                            <div class=\"rkit-post-block-card  elementor-animation-\">\n                                            <div class=\"rkit-image-container\">\n                                                            <div class=\"rkit-floating-category\">\n                                                                            <div class=\"rkit-floating-category-div\">\n                                            <a class=\"rkit-floating-category-btn\" type=\"button\" href=\"https:\/\/change2value.com\/sr\/category\/uncategorized-sl\/\">Uncategorized<\/a>\n                                        <\/div>\n                                                                    <\/div>\n                                                        <a class=\"rkit-image-link\" style=\"overflow: hidden;\" href=\"https:\/\/change2value.com\/sr\/2025\/10\/18\/zakaj-upravljamo-spremembe\/\">\n                                <img fetchpriority=\"high\" decoding=\"async\" width=\"800\" height=\"671\" src=\"https:\/\/change2value.com\/wp-content\/uploads\/2025\/04\/kepca.png\" class=\"rkit-post-block-img wp-post-image\" alt=\"\" srcset=\"https:\/\/change2value.com\/wp-content\/uploads\/2025\/04\/kepca.png 940w, https:\/\/change2value.com\/wp-content\/uploads\/2025\/04\/kepca-600x503.png 600w, https:\/\/change2value.com\/wp-content\/uploads\/2025\/04\/kepca-300x251.png 300w, https:\/\/change2value.com\/wp-content\/uploads\/2025\/04\/kepca-768x644.png 768w\" sizes=\"(max-width: 800px) 100vw, 800px\" \/>                            <\/a>\n                                                    <\/div>\n                                        <div class=\"rkit-post-block-body\">\n                                                    <div class=\"rkit-metadata\">\n                                                            <\/div>\n                                                                            <div class=\"rkit-post-block-title-container\">\n                                <a class=\"rkit-post-block-title\" href=\"https:\/\/change2value.com\/sr\/2025\/10\/18\/zakaj-upravljamo-spremembe\/\">Zakaj upravljamo spremembe?<\/a>\n                            <\/div>\n                                                                                                    <div class=\"rkit-post-block-content\">\n                                <p class=\"rkit-post-block-paragraph\">PantaRhei \u2013 vse te\u010de! Heraklit je \u017ee pred na\u0161im \u0161tetjem vedel, da se vse nenehno spreminja in da v isto reko ne moremo stopiti dvakrat.&hellip;                                <\/p>\n                            <\/div>\n                                                                                                    <div class=\"rkit-readmore-div\">\n                                <a class=\"rkit-readmore-btn\" type=\"button\" href=\"https:\/\/change2value.com\/sr\/2025\/10\/18\/zakaj-upravljamo-spremembe\/\">\n                                                                        Read More                                                                    <\/a>\n                            <\/div>\n                                            <\/div>\n                <\/div>\n                <div class=\"rkit-post-block-card  elementor-animation-\">\n                                            <div class=\"rkit-image-container\">\n                                                            <div class=\"rkit-floating-category\">\n                                                                            <div class=\"rkit-floating-category-div\">\n                                            <a class=\"rkit-floating-category-btn\" type=\"button\" href=\"https:\/\/change2value.com\/sr\/category\/change-management\/\">Upravljanje promenama<\/a>\n                                        <\/div>\n                                                                    <\/div>\n                                                        <a class=\"rkit-image-link\" style=\"overflow: hidden;\" href=\"https:\/\/change2value.com\/sr\/2025\/09\/26\/why-should-we-manage-change\/\">\n                                <img fetchpriority=\"high\" decoding=\"async\" width=\"800\" height=\"671\" src=\"https:\/\/change2value.com\/wp-content\/uploads\/2025\/04\/kepca.png\" class=\"rkit-post-block-img wp-post-image\" alt=\"\" srcset=\"https:\/\/change2value.com\/wp-content\/uploads\/2025\/04\/kepca.png 940w, https:\/\/change2value.com\/wp-content\/uploads\/2025\/04\/kepca-600x503.png 600w, https:\/\/change2value.com\/wp-content\/uploads\/2025\/04\/kepca-300x251.png 300w, https:\/\/change2value.com\/wp-content\/uploads\/2025\/04\/kepca-768x644.png 768w\" sizes=\"(max-width: 800px) 100vw, 800px\" \/>                            <\/a>\n                                                    <\/div>\n                                        <div class=\"rkit-post-block-body\">\n                                                    <div class=\"rkit-metadata\">\n                                                            <\/div>\n                                                                            <div class=\"rkit-post-block-title-container\">\n                                <a class=\"rkit-post-block-title\" href=\"https:\/\/change2value.com\/sr\/2025\/09\/26\/why-should-we-manage-change\/\">Za\u0161to upravljamo promenama?<\/a>\n                            <\/div>\n                                                                                                    <div class=\"rkit-post-block-content\">\n                                <p class=\"rkit-post-block-paragraph\">Change is constant, and organisations face faster, more complex transformations than ever. True value lies not in new systems but in how people adapt.                                <\/p>\n                            <\/div>\n                                                                                                    <div class=\"rkit-readmore-div\">\n                                <a class=\"rkit-readmore-btn\" type=\"button\" href=\"https:\/\/change2value.com\/sr\/2025\/09\/26\/why-should-we-manage-change\/\">\n                                                                        Read More                                                                    <\/a>\n                            <\/div>\n                                            <\/div>\n                <\/div>\n                <div class=\"rkit-post-block-card  elementor-animation-\">\n                                            <div class=\"rkit-image-container\">\n                                                            <div class=\"rkit-floating-category\">\n                                                                            <div class=\"rkit-floating-category-div\">\n                                            <a class=\"rkit-floating-category-btn\" type=\"button\" href=\"https:\/\/change2value.com\/sr\/category\/change-management\/\">Upravljanje promenama<\/a>\n                                        <\/div>\n                                                                    <\/div>\n                                                        <a class=\"rkit-image-link\" style=\"overflow: hidden;\" href=\"https:\/\/change2value.com\/sr\/2025\/09\/24\/what-is-change-management\/\">\n                                <img decoding=\"async\" width=\"800\" height=\"450\" src=\"https:\/\/change2value.com\/wp-content\/uploads\/2025\/09\/CHANGE-MANAGEMENT-1-1024x576.png\" class=\"rkit-post-block-img wp-post-image\" alt=\"\" srcset=\"https:\/\/change2value.com\/wp-content\/uploads\/2025\/09\/CHANGE-MANAGEMENT-1-1024x576.png 1024w, https:\/\/change2value.com\/wp-content\/uploads\/2025\/09\/CHANGE-MANAGEMENT-1-300x169.png 300w, https:\/\/change2value.com\/wp-content\/uploads\/2025\/09\/CHANGE-MANAGEMENT-1-768x432.png 768w, https:\/\/change2value.com\/wp-content\/uploads\/2025\/09\/CHANGE-MANAGEMENT-1-18x10.png 18w, https:\/\/change2value.com\/wp-content\/uploads\/2025\/09\/CHANGE-MANAGEMENT-1-600x338.png 600w, https:\/\/change2value.com\/wp-content\/uploads\/2025\/09\/CHANGE-MANAGEMENT-1.png 1280w\" sizes=\"(max-width: 800px) 100vw, 800px\" \/>                            <\/a>\n                                                    <\/div>\n                                        <div class=\"rkit-post-block-body\">\n                                                    <div class=\"rkit-metadata\">\n                                                            <\/div>\n                                                                            <div class=\"rkit-post-block-title-container\">\n                                <a class=\"rkit-post-block-title\" href=\"https:\/\/change2value.com\/sr\/2025\/09\/24\/what-is-change-management\/\">\u0160ta je to upravljanje promenama?<\/a>\n                            <\/div>\n                                                                                                    <div class=\"rkit-post-block-content\">\n                                <p class=\"rkit-post-block-paragraph\">Change management helps individuals and organisations adapt successfully, ensuring faster adoption, reduced risks, and sustainable results.                                <\/p>\n                            <\/div>\n                                                                                                    <div class=\"rkit-readmore-div\">\n                                <a class=\"rkit-readmore-btn\" type=\"button\" href=\"https:\/\/change2value.com\/sr\/2025\/09\/24\/what-is-change-management\/\">\n                                                                        Read More                                                                    <\/a>\n                            <\/div>\n                                            <\/div>\n                <\/div>\n        <\/div>\n        \t\t\t\t<\/div>\n\t\t\t\t<\/div>\n\t\t\t\t<\/div>\n\t\t<div id=\"e-n-tab-content-482747872\" role=\"tabpanel\" aria-labelledby=\"e-n-tab-title-482747872\" data-tab-index=\"2\" style=\"--n-tabs-title-order: 2;\" class=\"elementor-element elementor-element-0cb6858 e-con-full e-flex e-con e-child\" data-id=\"0cb6858\" data-element_type=\"container\" data-e-type=\"container\">\n\t\t\t\t<div class=\"elementor-element elementor-element-a37224b elementor-widget elementor-widget-rkit-pos-block\" data-id=\"a37224b\" data-element_type=\"widget\" data-e-type=\"widget\" data-widget_type=\"rkit-pos-block.default\">\n\t\t\t\t<div class=\"elementor-widget-container\">\n\t\t\t\t\t        <div class=\"rkit-post-block\">\n                            <div class=\"rkit-post-block-card  elementor-animation-\">\n                                            <div class=\"rkit-image-container\">\n                                                            <div class=\"rkit-floating-category\">\n                                                                            <div class=\"rkit-floating-category-div\">\n                                            <a class=\"rkit-floating-category-btn\" type=\"button\" href=\"https:\/\/change2value.com\/sr\/category\/change-management\/\">Upravljanje promenama<\/a>\n                                        <\/div>\n                                                                    <\/div>\n                                                        <a class=\"rkit-image-link\" style=\"overflow: hidden;\" href=\"https:\/\/change2value.com\/sr\/2025\/09\/26\/why-should-we-manage-change\/\">\n                                <img fetchpriority=\"high\" decoding=\"async\" width=\"800\" height=\"671\" src=\"https:\/\/change2value.com\/wp-content\/uploads\/2025\/04\/kepca.png\" class=\"rkit-post-block-img wp-post-image\" alt=\"\" srcset=\"https:\/\/change2value.com\/wp-content\/uploads\/2025\/04\/kepca.png 940w, https:\/\/change2value.com\/wp-content\/uploads\/2025\/04\/kepca-600x503.png 600w, https:\/\/change2value.com\/wp-content\/uploads\/2025\/04\/kepca-300x251.png 300w, https:\/\/change2value.com\/wp-content\/uploads\/2025\/04\/kepca-768x644.png 768w\" sizes=\"(max-width: 800px) 100vw, 800px\" \/>                            <\/a>\n                                                    <\/div>\n                                        <div class=\"rkit-post-block-body\">\n                                                    <div class=\"rkit-metadata\">\n                                                                                <div class=\"rkit-metadata-item\">\n                                                    <i aria-hidden=\"true\" class=\"rkit-meta-icon rtmicon rtmicon-calendar\"><\/i>                                                    <span>\u0441\u0435\u043f\u0442\u0435\u043c\u0431\u0430\u0440 26, 2025<\/span>\n                                                <\/div>\n                                                                        <\/div>\n                                                                            <div class=\"rkit-post-block-title-container\">\n                                <a class=\"rkit-post-block-title\" href=\"https:\/\/change2value.com\/sr\/2025\/09\/26\/why-should-we-manage-change\/\">Za\u0161to upravljamo promenama?<\/a>\n                            <\/div>\n                                                                                                    <div class=\"rkit-post-block-content\">\n                                <p class=\"rkit-post-block-paragraph\">Change is constant, and organisations face faster, more complex transformations than ever. True value lies not in new systems but in how people adapt.                                <\/p>\n                            <\/div>\n                                                                                                    <div class=\"rkit-readmore-div\">\n                                <a class=\"rkit-readmore-btn\" type=\"button\" href=\"https:\/\/change2value.com\/sr\/2025\/09\/26\/why-should-we-manage-change\/\">\n                                                                        Read More                                                                    <\/a>\n                            <\/div>\n                                            <\/div>\n                <\/div>\n                <div class=\"rkit-post-block-card  elementor-animation-\">\n                                            <div class=\"rkit-image-container\">\n                                                            <div class=\"rkit-floating-category\">\n                                                                            <div class=\"rkit-floating-category-div\">\n                                            <a class=\"rkit-floating-category-btn\" type=\"button\" href=\"https:\/\/change2value.com\/sr\/category\/change-management\/\">Upravljanje promenama<\/a>\n                                        <\/div>\n                                                                    <\/div>\n                                                        <a class=\"rkit-image-link\" style=\"overflow: hidden;\" href=\"https:\/\/change2value.com\/sr\/2025\/09\/24\/what-is-change-management\/\">\n                                <img decoding=\"async\" width=\"800\" height=\"450\" src=\"https:\/\/change2value.com\/wp-content\/uploads\/2025\/09\/CHANGE-MANAGEMENT-1-1024x576.png\" class=\"rkit-post-block-img wp-post-image\" alt=\"\" srcset=\"https:\/\/change2value.com\/wp-content\/uploads\/2025\/09\/CHANGE-MANAGEMENT-1-1024x576.png 1024w, https:\/\/change2value.com\/wp-content\/uploads\/2025\/09\/CHANGE-MANAGEMENT-1-300x169.png 300w, https:\/\/change2value.com\/wp-content\/uploads\/2025\/09\/CHANGE-MANAGEMENT-1-768x432.png 768w, https:\/\/change2value.com\/wp-content\/uploads\/2025\/09\/CHANGE-MANAGEMENT-1-18x10.png 18w, https:\/\/change2value.com\/wp-content\/uploads\/2025\/09\/CHANGE-MANAGEMENT-1-600x338.png 600w, https:\/\/change2value.com\/wp-content\/uploads\/2025\/09\/CHANGE-MANAGEMENT-1.png 1280w\" sizes=\"(max-width: 800px) 100vw, 800px\" \/>                            <\/a>\n                                                    <\/div>\n                                        <div class=\"rkit-post-block-body\">\n                                                    <div class=\"rkit-metadata\">\n                                                                                <div class=\"rkit-metadata-item\">\n                                                    <i aria-hidden=\"true\" class=\"rkit-meta-icon rtmicon rtmicon-calendar\"><\/i>                                                    <span>24. \u0441\u0435\u043f\u0442\u0435\u043c\u0431\u0430\u0440 2025.<\/span>\n                                                <\/div>\n                                                                        <\/div>\n                                                                            <div class=\"rkit-post-block-title-container\">\n                                <a class=\"rkit-post-block-title\" href=\"https:\/\/change2value.com\/sr\/2025\/09\/24\/what-is-change-management\/\">\u0160ta je to upravljanje promenama?<\/a>\n                            <\/div>\n                                                                                                    <div class=\"rkit-post-block-content\">\n                                <p class=\"rkit-post-block-paragraph\">Change management helps individuals and organisations adapt successfully, ensuring faster adoption, reduced risks, and sustainable results.                                <\/p>\n                            <\/div>\n                                                                                                    <div class=\"rkit-readmore-div\">\n                                <a class=\"rkit-readmore-btn\" type=\"button\" href=\"https:\/\/change2value.com\/sr\/2025\/09\/24\/what-is-change-management\/\">\n                                                                        Read More                                                                    <\/a>\n                            <\/div>\n                                            <\/div>\n                <\/div>\n        <\/div>\n        \t\t\t\t<\/div>\n\t\t\t\t<\/div>\n\t\t\t\t<\/div>\n\t\t<div id=\"e-n-tab-content-482747873\" role=\"tabpanel\" aria-labelledby=\"e-n-tab-title-482747873\" data-tab-index=\"3\" style=\"--n-tabs-title-order: 3;\" class=\"elementor-element elementor-element-d65e0e7 e-con-full e-flex e-con e-child\" data-id=\"d65e0e7\" data-element_type=\"container\" data-e-type=\"container\">\n\t\t\t\t<div class=\"elementor-element elementor-element-1d819f9 elementor-widget elementor-widget-rkit-pos-block\" data-id=\"1d819f9\" data-element_type=\"widget\" data-e-type=\"widget\" data-widget_type=\"rkit-pos-block.default\">\n\t\t\t\t<div class=\"elementor-widget-container\">\n\t\t\t\t\t        <div class=\"rkit-post-block\">\n                    <\/div>\n        \t\t\t\t<\/div>\n\t\t\t\t<\/div>\n\t\t\t\t<\/div>\n\t\t<div id=\"e-n-tab-content-482747874\" role=\"tabpanel\" aria-labelledby=\"e-n-tab-title-482747874\" data-tab-index=\"4\" style=\"--n-tabs-title-order: 4;\" class=\"elementor-element elementor-element-b74e066 e-flex e-con-boxed e-con e-child\" data-id=\"b74e066\" data-element_type=\"container\" data-e-type=\"container\">\n\t\t\t\t\t<div class=\"e-con-inner\">\n\t\t\t\t<div class=\"elementor-element elementor-element-81680e2 elementor-widget elementor-widget-rkit-pos-block\" data-id=\"81680e2\" data-element_type=\"widget\" data-e-type=\"widget\" data-widget_type=\"rkit-pos-block.default\">\n\t\t\t\t<div class=\"elementor-widget-container\">\n\t\t\t\t\t        <div class=\"rkit-post-block\">\n                    <\/div>\n        \t\t\t\t<\/div>\n\t\t\t\t<\/div>\n\t\t\t\t\t<\/div>\n\t\t\t\t<\/div>\n\t\t\t\t\t<\/div>\n\t\t<\/div>\n\t\t\t\t\t\t<\/div>\n\t\t\t\t\t<\/div>\n\t\t\t\t<\/div>\n\t\t\t\t<\/div>","protected":false},"excerpt":{"rendered":"<p>Articles Articles &amp; Insights Explore practical advice, expert perspectives, and fresh thinking on change, leadership, and innovation.Our insights are here to spark ideas and support your transformation journey. All Change Management Innovation Leadership Uncategorized Zakaj upravljamo spremembe? PantaRhei \u2013 vse te\u010de! Heraklit je \u017ee pred na\u0161im \u0161tetjem vedel, da se vse nenehno spreminja in da [&hellip;]<\/p>\n","protected":false},"author":1,"featured_media":0,"parent":0,"menu_order":0,"comment_status":"closed","ping_status":"closed","template":"","meta":{"_acf_changed":false,"footnotes":""},"class_list":["post-1203","page","type-page","status-publish","hentry"],"acf":[],"_links":{"self":[{"href":"https:\/\/change2value.com\/sr\/wp-json\/wp\/v2\/pages\/1203","targetHints":{"allow":["GET"]}}],"collection":[{"href":"https:\/\/change2value.com\/sr\/wp-json\/wp\/v2\/pages"}],"about":[{"href":"https:\/\/change2value.com\/sr\/wp-json\/wp\/v2\/types\/page"}],"author":[{"embeddable":true,"href":"https:\/\/change2value.com\/sr\/wp-json\/wp\/v2\/users\/1"}],"replies":[{"embeddable":true,"href":"https:\/\/change2value.com\/sr\/wp-json\/wp\/v2\/comments?post=1203"}],"version-history":[{"count":134,"href":"https:\/\/change2value.com\/sr\/wp-json\/wp\/v2\/pages\/1203\/revisions"}],"predecessor-version":[{"id":3301,"href":"https:\/\/change2value.com\/sr\/wp-json\/wp\/v2\/pages\/1203\/revisions\/3301"}],"wp:attachment":[{"href":"https:\/\/change2value.com\/sr\/wp-json\/wp\/v2\/media?parent=1203"}],"curies":[{"name":"wp","href":"https:\/\/api.w.org\/{rel}","templated":true}]}}