{"id":3141,"date":"2026-02-03T18:52:15","date_gmt":"2026-02-03T18:52:15","guid":{"rendered":"https:\/\/change2value.com\/?post_type=product&#038;p=3141"},"modified":"2026-02-15T18:55:15","modified_gmt":"2026-02-15T18:55:15","slug":"prosci-change-management-certification-program-copy","status":"publish","type":"product","link":"https:\/\/change2value.com\/sr\/product\/prosci-change-management-certification-program-copy\/","title":{"rendered":"Prosci\u00ae Change Management Certification Program"},"content":{"rendered":"<p>Become a <strong>certified Prosci\u00ae Change Practitioner<\/strong> in three days through this practical, research-based program. Learn the full Prosci methodology, including the ADKAR\u00ae model, 3-Phase Process, and organisational change strategies. Ideal for change leaders, HR professionals, consultants, and project teams seeking a structured approach to change.<\/p>","protected":false},"excerpt":{"rendered":"<p>Prosci program certificiranja upravljanja sprememb je interaktivna, tridnevna u\u010dna izku\u0161nja, v kateri udele\u017eenci pridobijo znanje, ve\u0161\u010dine in orodja za uspe\u0161no izvajanje sprememb. Med programom udele\u017eenci uporabljajo Prosci celostno metodologijo upravljanja sprememb na konkretnem projektu. Ob zaklju\u010dku imajo postavljene temelje na\u010drta upravljanja sprememb za izbrano pobudo.<\/p>\n<p data-start=\"712\" data-end=\"739\"><strong>Komu je program namenjen?<\/strong><\/p>\n<p>Program je idealen za vse, ki so odgovorni za izvajanje sprememb, predvsem za:<\/p>\n<ul>\n<li>&#8211; vodje sprememb<\/li>\n<li data-start=\"840\" data-end=\"859\">&#8211; vodje projektov<\/li>\n<li data-start=\"860\" data-end=\"879\">&#8211; IT strokovnjake<\/li>\n<li data-start=\"880\" data-end=\"905\">&#8211; \u010dlane projektnih ekip<\/li>\n<li data-start=\"906\" data-end=\"939\">&#8211; praktike upravljanja sprememb<\/li>\n<li data-start=\"940\" data-end=\"977\">&#8211; strokovnjake za stalne izbolj\u0161ave<\/li>\n<li data-start=\"978\" data-end=\"1003\">&#8211; HR poslovne partnerje<\/li>\n<li data-start=\"1004\" data-end=\"1045\">&#8211; strokovnjake za organizacijski razvoj<\/li>\n<\/ul>\n<p>&nbsp;<\/p>\n<p data-start=\"1052\" data-end=\"1064\"><strong>U\u010dni cilji<\/strong><\/p>\n<p>Med programom se udele\u017eenci nau\u010dijo:<\/p>\n<ul data-start=\"1104\" data-end=\"1443\">\n<li data-start=\"1104\" data-end=\"1139\">&#8211; definirati upravljanje sprememb<\/li>\n<li data-start=\"1140\" data-end=\"1183\">&#8211; pojasniti vrednost upravljanja sprememb<\/li>\n<li data-start=\"1184\" data-end=\"1253\">&#8211; uporabiti Prosci ADKAR\u00ae model za podporo individualnim spremembam<\/li>\n<li data-start=\"1254\" data-end=\"1317\">&#8211; uporabiti Prosci 3-fazni proces za organizacijske spremembe<\/li>\n<li data-start=\"1318\" data-end=\"1371\">&#8211; aktivirati vloge, ki prispevajo k uspehu sprememb<\/li>\n<li data-start=\"1372\" data-end=\"1443\">&#8211; oblikovati temelje na\u010drta upravljanja sprememb za konkreten projekt<\/li>\n<\/ul>\n<p>&nbsp;<\/p>\n<p>Udele\u017eenci pridobijo tudi:<\/p>\n<ul data-start=\"1473\" data-end=\"1627\">\n<li data-start=\"1473\" data-end=\"1523\">&#8211; naziv <strong data-start=\"1481\" data-end=\"1521\">Prosci Certified Change Practitioner<\/strong><\/li>\n<li data-start=\"1524\" data-end=\"1561\">&#8211; dostop do naprednih Prosci orodij<\/li>\n<\/ul>\n<p>&nbsp;<\/p>\n<p data-start=\"344\" data-end=\"384\"><strong>Gradiva in digitalna podpora programa<\/strong><\/p>\n<p>Udele\u017eenci prejmejo:<\/p>\n<ul data-start=\"408\" data-end=\"570\">\n<li data-start=\"408\" data-end=\"445\">&#8211; delovni zvezek in tiskana gradiva<\/li>\n<li data-start=\"446\" data-end=\"570\">&#8211; enoletni dostop do Prosci digitalnih vsebin, virov in orodij, ki podpirajo uporabo znanja v praksi \u2013 kadarkoli in kjerkoli<\/li>\n<\/ul>\n<p data-start=\"572\" data-end=\"593\">Dostop vklju\u010duje:<\/p>\n<p><strong data-start=\"595\" data-end=\"611\">Research Hub<\/strong> \u2013 enotna vstopna to\u010dka do ve\u010d kot 20 let Prosci raziskav, najbolj\u0161ih praks, temeljnih in tematskih \u0161tudij ter podatkov, ki podpirajo uspe\u0161no vodenje sprememb.<\/p>\n<p><strong data-start=\"772\" data-end=\"789\">Knowledge Hub<\/strong> \u2013 zbrana orodja, predloge, vsebine in usmeritve, ki vam pomagajo prenesti nau\u010deno neposredno v delo na va\u0161ih projektih.<\/p>\n<p><strong data-start=\"911\" data-end=\"922\">Proxima<\/strong> \u2013 interaktivna spletna aplikacija, ki vas korak za korakom vodi skozi Prosci 3-fazni proces ter pomaga obvladovati \u010dlove\u0161ko plat sprememb in dosegati merljive rezultate.<\/p>","protected":false},"featured_media":3139,"comment_status":"open","ping_status":"closed","template":"","meta":{"_acf_changed":false},"product_brand":[],"product_cat":[39],"product_tag":[],"class_list":{"0":"post-3141","1":"product","2":"type-product","3":"status-publish","4":"has-post-thumbnail","6":"product_cat-change-management","7":"pa_format-virtual","8":"pa_language-english","9":"pa_topic-change-management","11":"first","12":"instock","13":"virtual","14":"taxable","15":"purchasable","16":"product-type-simple"},"acf":[],"_links":{"self":[{"href":"https:\/\/change2value.com\/sr\/wp-json\/wp\/v2\/product\/3141","targetHints":{"allow":["GET"]}}],"collection":[{"href":"https:\/\/change2value.com\/sr\/wp-json\/wp\/v2\/product"}],"about":[{"href":"https:\/\/change2value.com\/sr\/wp-json\/wp\/v2\/types\/product"}],"replies":[{"embeddable":true,"href":"https:\/\/change2value.com\/sr\/wp-json\/wp\/v2\/comments?post=3141"}],"version-history":[{"count":2,"href":"https:\/\/change2value.com\/sr\/wp-json\/wp\/v2\/product\/3141\/revisions"}],"predecessor-version":[{"id":3143,"href":"https:\/\/change2value.com\/sr\/wp-json\/wp\/v2\/product\/3141\/revisions\/3143"}],"wp:featuredmedia":[{"embeddable":true,"href":"https:\/\/change2value.com\/sr\/wp-json\/wp\/v2\/media\/3139"}],"wp:attachment":[{"href":"https:\/\/change2value.com\/sr\/wp-json\/wp\/v2\/media?parent=3141"}],"wp:term":[{"taxonomy":"product_brand","embeddable":true,"href":"https:\/\/change2value.com\/sr\/wp-json\/wp\/v2\/product_brand?post=3141"},{"taxonomy":"product_cat","embeddable":true,"href":"https:\/\/change2value.com\/sr\/wp-json\/wp\/v2\/product_cat?post=3141"},{"taxonomy":"product_tag","embeddable":true,"href":"https:\/\/change2value.com\/sr\/wp-json\/wp\/v2\/product_tag?post=3141"}],"curies":[{"name":"wp","href":"https:\/\/api.w.org\/{rel}","templated":true}]}}